{"id":327,"date":"2016-06-24T00:38:47","date_gmt":"2016-06-24T00:38:47","guid":{"rendered":"http:\/\/sw-themes.com\/porto_dummy\/?page_id=327"},"modified":"2023-07-19T12:13:23","modified_gmt":"2023-07-19T12:13:23","slug":"siparis-takip","status":"publish","type":"page","link":"https:\/\/cagguvenlik.com.tr\/magaza\/?page_id=327","title":{"rendered":"Sipari\u015f Takip"},"content":{"rendered":"<div class=\"woocommerce\">\r\n<div class=\"row\">\r\n\t<div class=\"col-lg-6 offset-lg-3\">\r\n\t\t<form action=\"https:\/\/cagguvenlik.com.tr\/magaza\/?page_id=327\" method=\"post\" class=\"woocommerce-form woocommerce-form-track-order track_order featured-box featured-box-primary align-left mt-0\">\r\n\t\t\t<div class=\"box-content\">\r\n\t\t\t\t\r\n\t\t\t\t<p>To track your order please enter your Order ID in the box below and press the &quot;Track&quot; button. This was given to you on your receipt and in the confirmation email you should have received.<\/p>\r\n\r\n\t\t\t\t<p class=\"form-row\"><label for=\"orderid\">Order ID<\/label> <input class=\"input-text\" type=\"text\" name=\"orderid\" id=\"orderid\" value=\"\" placeholder=\"Found in your order confirmation email.\" \/><\/p>\t\t\t\t<p class=\"form-row\"><label for=\"order_email\">Billing email<\/label> <input class=\"input-text\" type=\"text\" name=\"order_email\" id=\"order_email\" value=\"\" placeholder=\"Email you used during checkout.\" \/><\/p>\t\t\t\t<div class=\"clear\"><\/div>\r\n\r\n\t\t\t\t\r\n\t\t\t\t<p class=\"form-row clearfix\"><button type=\"submit\" class=\"button btn-lg pt-right\" name=\"track\" value=\"Track\">Track<\/button><\/p>\r\n\t\t\t\t<input type=\"hidden\" id=\"woocommerce-order-tracking-nonce\" name=\"woocommerce-order-tracking-nonce\" value=\"806c437897\" \/><input type=\"hidden\" name=\"_wp_http_referer\" value=\"\/magaza\/index.php?rest_route=%2Fwp%2Fv2%2Fpages%2F327\" \/>\r\n\t\t\t\t\t\t\t<\/div>\r\n\t\t<\/form>\r\n\t<\/div>\r\n<\/div>\r\n<\/div>\n","protected":false},"excerpt":{"rendered":"To track your order please enter your Order ID in the box below and press the &quot;Track&quot; button. This was given to you on your receipt and in the confirmation email you should have received. Order ID Billing email Track","protected":false},"author":1,"featured_media":0,"parent":0,"menu_order":0,"comment_status":"closed","ping_status":"closed","template":"","meta":{"footnotes":""},"class_list":["post-327","page","type-page","status-publish","hentry"],"yoast_head":"<!-- This site is optimized with the Yoast SEO plugin v20.11 - https:\/\/yoast.com\/wordpress\/plugins\/seo\/ -->\n<title>Sipari\u015f Takip - Ca\u011f G\u00fcvenlik Online Ma\u011faza<\/title>\n<meta name=\"robots\" content=\"index, follow, max-snippet:-1, max-image-preview:large, max-video-preview:-1\" \/>\n<link rel=\"canonical\" href=\"https:\/\/cagguvenlik.com.tr\/magaza\/?page_id=327\" \/>\n<meta property=\"og:locale\" content=\"tr_TR\" \/>\n<meta property=\"og:type\" content=\"article\" \/>\n<meta property=\"og:title\" content=\"Sipari\u015f Takip - Ca\u011f G\u00fcvenlik Online Ma\u011faza\" \/>\n<meta property=\"og:url\" content=\"https:\/\/cagguvenlik.com.tr\/magaza\/?page_id=327\" \/>\n<meta property=\"og:site_name\" content=\"Ca\u011f G\u00fcvenlik Online Ma\u011faza\" \/>\n<meta property=\"article:modified_time\" content=\"2023-07-19T12:13:23+00:00\" \/>\n<meta name=\"twitter:card\" content=\"summary_large_image\" \/>\n<script type=\"application\/ld+json\" class=\"yoast-schema-graph\">{\"@context\":\"https:\/\/schema.org\",\"@graph\":[{\"@type\":\"WebPage\",\"@id\":\"https:\/\/cagguvenlik.com.tr\/magaza\/?page_id=327\",\"url\":\"https:\/\/cagguvenlik.com.tr\/magaza\/?page_id=327\",\"name\":\"Sipari\u015f Takip - Ca\u011f G\u00fcvenlik Online Ma\u011faza\",\"isPartOf\":{\"@id\":\"https:\/\/cagguvenlik.com.tr\/magaza\/#website\"},\"datePublished\":\"2016-06-24T00:38:47+00:00\",\"dateModified\":\"2023-07-19T12:13:23+00:00\",\"breadcrumb\":{\"@id\":\"https:\/\/cagguvenlik.com.tr\/magaza\/?page_id=327#breadcrumb\"},\"inLanguage\":\"tr\",\"potentialAction\":[{\"@type\":\"ReadAction\",\"target\":[\"https:\/\/cagguvenlik.com.tr\/magaza\/?page_id=327\"]}]},{\"@type\":\"BreadcrumbList\",\"@id\":\"https:\/\/cagguvenlik.com.tr\/magaza\/?page_id=327#breadcrumb\",\"itemListElement\":[{\"@type\":\"ListItem\",\"position\":1,\"name\":\"Anasayfa\",\"item\":\"https:\/\/cagguvenlik.com.tr\/magaza\/\"},{\"@type\":\"ListItem\",\"position\":2,\"name\":\"Sipari\u015f Takip\"}]},{\"@type\":\"WebSite\",\"@id\":\"https:\/\/cagguvenlik.com.tr\/magaza\/#website\",\"url\":\"https:\/\/cagguvenlik.com.tr\/magaza\/\",\"name\":\"Ca\u011f G\u00fcvenlik Online Ma\u011faza\",\"description\":\"\",\"potentialAction\":[{\"@type\":\"SearchAction\",\"target\":{\"@type\":\"EntryPoint\",\"urlTemplate\":\"https:\/\/cagguvenlik.com.tr\/magaza\/?s={search_term_string}\"},\"query-input\":\"required name=search_term_string\"}],\"inLanguage\":\"tr\"}]}<\/script>\n<!-- \/ Yoast SEO plugin. -->","yoast_head_json":{"title":"Sipari\u015f Takip - Ca\u011f G\u00fcvenlik Online Ma\u011faza","robots":{"index":"index","follow":"follow","max-snippet":"max-snippet:-1","max-image-preview":"max-image-preview:large","max-video-preview":"max-video-preview:-1"},"canonical":"https:\/\/cagguvenlik.com.tr\/magaza\/?page_id=327","og_locale":"tr_TR","og_type":"article","og_title":"Sipari\u015f Takip - Ca\u011f G\u00fcvenlik Online Ma\u011faza","og_url":"https:\/\/cagguvenlik.com.tr\/magaza\/?page_id=327","og_site_name":"Ca\u011f G\u00fcvenlik Online Ma\u011faza","article_modified_time":"2023-07-19T12:13:23+00:00","twitter_card":"summary_large_image","schema":{"@context":"https:\/\/schema.org","@graph":[{"@type":"WebPage","@id":"https:\/\/cagguvenlik.com.tr\/magaza\/?page_id=327","url":"https:\/\/cagguvenlik.com.tr\/magaza\/?page_id=327","name":"Sipari\u015f Takip - Ca\u011f G\u00fcvenlik Online Ma\u011faza","isPartOf":{"@id":"https:\/\/cagguvenlik.com.tr\/magaza\/#website"},"datePublished":"2016-06-24T00:38:47+00:00","dateModified":"2023-07-19T12:13:23+00:00","breadcrumb":{"@id":"https:\/\/cagguvenlik.com.tr\/magaza\/?page_id=327#breadcrumb"},"inLanguage":"tr","potentialAction":[{"@type":"ReadAction","target":["https:\/\/cagguvenlik.com.tr\/magaza\/?page_id=327"]}]},{"@type":"BreadcrumbList","@id":"https:\/\/cagguvenlik.com.tr\/magaza\/?page_id=327#breadcrumb","itemListElement":[{"@type":"ListItem","position":1,"name":"Anasayfa","item":"https:\/\/cagguvenlik.com.tr\/magaza\/"},{"@type":"ListItem","position":2,"name":"Sipari\u015f Takip"}]},{"@type":"WebSite","@id":"https:\/\/cagguvenlik.com.tr\/magaza\/#website","url":"https:\/\/cagguvenlik.com.tr\/magaza\/","name":"Ca\u011f G\u00fcvenlik Online Ma\u011faza","description":"","potentialAction":[{"@type":"SearchAction","target":{"@type":"EntryPoint","urlTemplate":"https:\/\/cagguvenlik.com.tr\/magaza\/?s={search_term_string}"},"query-input":"required name=search_term_string"}],"inLanguage":"tr"}]}},"_links":{"self":[{"href":"https:\/\/cagguvenlik.com.tr\/magaza\/index.php?rest_route=\/wp\/v2\/pages\/327","targetHints":{"allow":["GET"]}}],"collection":[{"href":"https:\/\/cagguvenlik.com.tr\/magaza\/index.php?rest_route=\/wp\/v2\/pages"}],"about":[{"href":"https:\/\/cagguvenlik.com.tr\/magaza\/index.php?rest_route=\/wp\/v2\/types\/page"}],"author":[{"embeddable":true,"href":"https:\/\/cagguvenlik.com.tr\/magaza\/index.php?rest_route=\/wp\/v2\/users\/1"}],"replies":[{"embeddable":true,"href":"https:\/\/cagguvenlik.com.tr\/magaza\/index.php?rest_route=%2Fwp%2Fv2%2Fcomments&post=327"}],"version-history":[{"count":1,"href":"https:\/\/cagguvenlik.com.tr\/magaza\/index.php?rest_route=\/wp\/v2\/pages\/327\/revisions"}],"predecessor-version":[{"id":2311,"href":"https:\/\/cagguvenlik.com.tr\/magaza\/index.php?rest_route=\/wp\/v2\/pages\/327\/revisions\/2311"}],"wp:attachment":[{"href":"https:\/\/cagguvenlik.com.tr\/magaza\/index.php?rest_route=%2Fwp%2Fv2%2Fmedia&parent=327"}],"curies":[{"name":"wp","href":"https:\/\/api.w.org\/{rel}","templated":true}]}}