{"id":143,"date":"2016-06-20T07:48:11","date_gmt":"2016-06-20T07:48:11","guid":{"rendered":"http:\/\/sw-themes.com\/porto_dummy\/?page_id=143"},"modified":"2023-08-25T10:16:28","modified_gmt":"2023-08-25T10:16:28","slug":"anasayfa","status":"publish","type":"page","link":"https:\/\/cagguvenlik.com.tr\/magaza\/","title":{"rendered":"Anasayfa"},"content":{"rendered":"<section class=\"wpb-content-wrapper\"><p>[vc_row wrap_container=&#8221;yes&#8221; css=&#8221;.vc_custom_1580091433596{padding-top: 3.75rem !important;padding-bottom: 2.75rem !important;background-color: #eeeeee !important;}&#8221;][vc_column][vc_custom_heading text=&#8221;\u00dcR\u00dcNLER\u0130M\u0130Z&#8221; font_container=&#8221;tag:h2|font_size:1.125rem|text_align:center|line_height:1.4&#8243; use_theme_fonts=&#8221;yes&#8221; text_transform=&#8221;text-uppercase&#8221; letter_spacing=&#8221;-.01em&#8221; el_class=&#8221;mb-3&#8243;]<div id=\"porto-products-7075\" class=\"porto-products wpb_content_element mb-0 section-product-light theme_option wpb_custom_aeb2ba7df7a27d76048c02dc3283b7c5\"><div class=\"slider-wrapper\"><div class=\"woocommerce columns-4 \"><\/div><\/div><\/div>[\/vc_column][\/vc_row]<\/p>\n<\/section>","protected":false},"excerpt":{"rendered":"<p>[vc_row wrap_container=&#8221;yes&#8221; css=&#8221;.vc_custom_1580091433596{padding-top: 3.75rem !important;padding-bottom: 2.75rem !important;background-color: #eeeeee !important;}&#8221;][vc_column][vc_custom_heading text=&#8221;\u00dcR\u00dcNLER\u0130M\u0130Z&#8221; font_container=&#8221;tag:h2|font_size:1.125rem|text_align:center|line_height:1.4&#8243; use_theme_fonts=&#8221;yes&#8221; text_transform=&#8221;text-uppercase&#8221; letter_spacing=&#8221;-.01em&#8221; el_class=&#8221;mb-3&#8243;][\/vc_column][\/vc_row]<\/p>\n","protected":false},"author":1,"featured_media":0,"parent":0,"menu_order":0,"comment_status":"closed","ping_status":"closed","template":"","meta":{"footnotes":""},"class_list":["post-143","page","type-page","status-publish","hentry"],"yoast_head":"<!-- This site is optimized with the Yoast SEO plugin v20.11 - https:\/\/yoast.com\/wordpress\/plugins\/seo\/ -->\n<title>Anasayfa - Ca\u011f G\u00fcvenlik Online Ma\u011faza<\/title>\n<meta name=\"robots\" content=\"index, follow, max-snippet:-1, max-image-preview:large, max-video-preview:-1\" \/>\n<link rel=\"canonical\" href=\"https:\/\/cagguvenlik.com.tr\/magaza\/\" \/>\n<meta property=\"og:locale\" content=\"tr_TR\" \/>\n<meta property=\"og:type\" content=\"article\" \/>\n<meta property=\"og:title\" content=\"Anasayfa - Ca\u011f G\u00fcvenlik Online Ma\u011faza\" \/>\n<meta property=\"og:description\" content=\"[vc_row wrap_container=&#8221;yes&#8221; css=&#8221;.vc_custom_1580091433596{padding-top: 3.75rem !important;padding-bottom: 2.75rem !important;background-color: #eeeeee !important;}&#8221;][vc_column][vc_custom_heading text=&#8221;\u00dcR\u00dcNLER\u0130M\u0130Z&#8221; font_container=&#8221;tag:h2|font_size:1.125rem|text_align:center|line_height:1.4&#8243; use_theme_fonts=&#8221;yes&#8221; text_transform=&#8221;text-uppercase&#8221; letter_spacing=&#8221;-.01em&#8221; el_class=&#8221;mb-3&#8243;][\/vc_column][\/vc_row]\" \/>\n<meta property=\"og:url\" content=\"https:\/\/cagguvenlik.com.tr\/magaza\/\" \/>\n<meta property=\"og:site_name\" content=\"Ca\u011f G\u00fcvenlik Online Ma\u011faza\" \/>\n<meta property=\"article:modified_time\" content=\"2023-08-25T10:16:28+00:00\" \/>\n<meta name=\"twitter:card\" content=\"summary_large_image\" \/>\n<script type=\"application\/ld+json\" class=\"yoast-schema-graph\">{\"@context\":\"https:\/\/schema.org\",\"@graph\":[{\"@type\":\"WebPage\",\"@id\":\"https:\/\/cagguvenlik.com.tr\/magaza\/\",\"url\":\"https:\/\/cagguvenlik.com.tr\/magaza\/\",\"name\":\"Anasayfa - Ca\u011f G\u00fcvenlik Online Ma\u011faza\",\"isPartOf\":{\"@id\":\"https:\/\/cagguvenlik.com.tr\/magaza\/#website\"},\"datePublished\":\"2016-06-20T07:48:11+00:00\",\"dateModified\":\"2023-08-25T10:16:28+00:00\",\"breadcrumb\":{\"@id\":\"https:\/\/cagguvenlik.com.tr\/magaza\/#breadcrumb\"},\"inLanguage\":\"tr\",\"potentialAction\":[{\"@type\":\"ReadAction\",\"target\":[\"https:\/\/cagguvenlik.com.tr\/magaza\/\"]}]},{\"@type\":\"BreadcrumbList\",\"@id\":\"https:\/\/cagguvenlik.com.tr\/magaza\/#breadcrumb\",\"itemListElement\":[{\"@type\":\"ListItem\",\"position\":1,\"name\":\"Anasayfa\",\"item\":\"https:\/\/cagguvenlik.com.tr\/magaza\/\"},{\"@type\":\"ListItem\",\"position\":2,\"name\":\"Anasayfa\"}]},{\"@type\":\"WebSite\",\"@id\":\"https:\/\/cagguvenlik.com.tr\/magaza\/#website\",\"url\":\"https:\/\/cagguvenlik.com.tr\/magaza\/\",\"name\":\"Ca\u011f G\u00fcvenlik Online Ma\u011faza\",\"description\":\"\",\"potentialAction\":[{\"@type\":\"SearchAction\",\"target\":{\"@type\":\"EntryPoint\",\"urlTemplate\":\"https:\/\/cagguvenlik.com.tr\/magaza\/?s={search_term_string}\"},\"query-input\":\"required name=search_term_string\"}],\"inLanguage\":\"tr\"}]}<\/script>\n<!-- \/ Yoast SEO plugin. -->","yoast_head_json":{"title":"Anasayfa - Ca\u011f G\u00fcvenlik Online Ma\u011faza","robots":{"index":"index","follow":"follow","max-snippet":"max-snippet:-1","max-image-preview":"max-image-preview:large","max-video-preview":"max-video-preview:-1"},"canonical":"https:\/\/cagguvenlik.com.tr\/magaza\/","og_locale":"tr_TR","og_type":"article","og_title":"Anasayfa - Ca\u011f G\u00fcvenlik Online Ma\u011faza","og_description":"[vc_row wrap_container=&#8221;yes&#8221; css=&#8221;.vc_custom_1580091433596{padding-top: 3.75rem !important;padding-bottom: 2.75rem !important;background-color: #eeeeee !important;}&#8221;][vc_column][vc_custom_heading text=&#8221;\u00dcR\u00dcNLER\u0130M\u0130Z&#8221; font_container=&#8221;tag:h2|font_size:1.125rem|text_align:center|line_height:1.4&#8243; use_theme_fonts=&#8221;yes&#8221; text_transform=&#8221;text-uppercase&#8221; letter_spacing=&#8221;-.01em&#8221; el_class=&#8221;mb-3&#8243;][\/vc_column][\/vc_row]","og_url":"https:\/\/cagguvenlik.com.tr\/magaza\/","og_site_name":"Ca\u011f G\u00fcvenlik Online Ma\u011faza","article_modified_time":"2023-08-25T10:16:28+00:00","twitter_card":"summary_large_image","schema":{"@context":"https:\/\/schema.org","@graph":[{"@type":"WebPage","@id":"https:\/\/cagguvenlik.com.tr\/magaza\/","url":"https:\/\/cagguvenlik.com.tr\/magaza\/","name":"Anasayfa - Ca\u011f G\u00fcvenlik Online Ma\u011faza","isPartOf":{"@id":"https:\/\/cagguvenlik.com.tr\/magaza\/#website"},"datePublished":"2016-06-20T07:48:11+00:00","dateModified":"2023-08-25T10:16:28+00:00","breadcrumb":{"@id":"https:\/\/cagguvenlik.com.tr\/magaza\/#breadcrumb"},"inLanguage":"tr","potentialAction":[{"@type":"ReadAction","target":["https:\/\/cagguvenlik.com.tr\/magaza\/"]}]},{"@type":"BreadcrumbList","@id":"https:\/\/cagguvenlik.com.tr\/magaza\/#breadcrumb","itemListElement":[{"@type":"ListItem","position":1,"name":"Anasayfa","item":"https:\/\/cagguvenlik.com.tr\/magaza\/"},{"@type":"ListItem","position":2,"name":"Anasayfa"}]},{"@type":"WebSite","@id":"https:\/\/cagguvenlik.com.tr\/magaza\/#website","url":"https:\/\/cagguvenlik.com.tr\/magaza\/","name":"Ca\u011f G\u00fcvenlik Online Ma\u011faza","description":"","potentialAction":[{"@type":"SearchAction","target":{"@type":"EntryPoint","urlTemplate":"https:\/\/cagguvenlik.com.tr\/magaza\/?s={search_term_string}"},"query-input":"required name=search_term_string"}],"inLanguage":"tr"}]}},"_links":{"self":[{"href":"https:\/\/cagguvenlik.com.tr\/magaza\/index.php?rest_route=\/wp\/v2\/pages\/143","targetHints":{"allow":["GET"]}}],"collection":[{"href":"https:\/\/cagguvenlik.com.tr\/magaza\/index.php?rest_route=\/wp\/v2\/pages"}],"about":[{"href":"https:\/\/cagguvenlik.com.tr\/magaza\/index.php?rest_route=\/wp\/v2\/types\/page"}],"author":[{"embeddable":true,"href":"https:\/\/cagguvenlik.com.tr\/magaza\/index.php?rest_route=\/wp\/v2\/users\/1"}],"replies":[{"embeddable":true,"href":"https:\/\/cagguvenlik.com.tr\/magaza\/index.php?rest_route=%2Fwp%2Fv2%2Fcomments&post=143"}],"version-history":[{"count":5,"href":"https:\/\/cagguvenlik.com.tr\/magaza\/index.php?rest_route=\/wp\/v2\/pages\/143\/revisions"}],"predecessor-version":[{"id":2341,"href":"https:\/\/cagguvenlik.com.tr\/magaza\/index.php?rest_route=\/wp\/v2\/pages\/143\/revisions\/2341"}],"wp:attachment":[{"href":"https:\/\/cagguvenlik.com.tr\/magaza\/index.php?rest_route=%2Fwp%2Fv2%2Fmedia&parent=143"}],"curies":[{"name":"wp","href":"https:\/\/api.w.org\/{rel}","templated":true}]}}